{"id":21,"date":"2016-01-28T20:18:00","date_gmt":"2016-01-28T19:18:00","guid":{"rendered":"http:\/\/www.rapalje.com\/?page_id=21"},"modified":"2025-10-25T12:32:16","modified_gmt":"2025-10-25T10:32:16","slug":"about-rapalje","status":"publish","type":"page","link":"https:\/\/rapalje.com\/de\/about-rapalje\/","title":{"rendered":"\u00dcber die Band"},"content":{"rendered":"<img loading=\"lazy\" decoding=\"async\" class=\"alignnone size-full wp-image-35870\" src=\"https:\/\/rapalje.com\/wp-content\/uploads\/2022\/10\/308206062_662086958618002_3198243187564388614_n.jpg\" alt=\"\" width=\"1000\" height=\"667\" srcset=\"https:\/\/rapalje.com\/wp-content\/uploads\/2022\/10\/308206062_662086958618002_3198243187564388614_n.jpg 1000w, https:\/\/rapalje.com\/wp-content\/uploads\/2022\/10\/308206062_662086958618002_3198243187564388614_n-300x200.jpg 300w, https:\/\/rapalje.com\/wp-content\/uploads\/2022\/10\/308206062_662086958618002_3198243187564388614_n-768x512.jpg 768w, https:\/\/rapalje.com\/wp-content\/uploads\/2022\/10\/308206062_662086958618002_3198243187564388614_n-150x100.jpg 150w, https:\/\/rapalje.com\/wp-content\/uploads\/2022\/10\/308206062_662086958618002_3198243187564388614_n-200x133.jpg 200w, https:\/\/rapalje.com\/wp-content\/uploads\/2022\/10\/308206062_662086958618002_3198243187564388614_n-250x166.jpg 250w, https:\/\/rapalje.com\/wp-content\/uploads\/2022\/10\/308206062_662086958618002_3198243187564388614_n-600x400.jpg 600w\" sizes=\"auto, (max-width: 1000px) 100vw, 1000px\" \/><\/p>\n<p>Rapalje sind eine preisgekr\u00f6nte Band aus der schottischen und irischen Volksmusikszene. In den 31 Jahren ihres Bestehens haben sie das Publikum mit leidenschaftlichen und lebendigen Auftritten auf Hunderten von B\u00fchnen auf der ganzen Welt in ihren Bann gezogen. Die Gruppe kombiniert traditionelle Instrumente wie Dudelsack, Geige, Fl\u00f6ten und Bodhr\u00e1ns mit Gesang aus dem Herzen und einer guten Portion Humor, was sie \u00fcberall beliebt macht.<\/p>\n<p>Rapalje, was \u201eRabauken\u201c oder \u201eDreschflegel\u201c bedeutet, hat mehr als tausend Konzerte gegeben und mehr als 10 Alben ver\u00f6ffentlicht. Die Band hat zahlreiche Preise und Auszeichnungen gewonnen, darunter den Best Live Act Award bei den <a href=\"https:\/\/fantasy-awards.com\/\" target=\"_blank\" rel=\"noopener\">Fantasy Awards<\/a> 2015, 2018 und 2023. Im Laufe der Jahre hat sich Rapalje einen Ruf als eine der unterhaltsamsten und dynamischsten Folkbands der Welt erworben. Ihr charakteristisches Chaos und die Art und Weise, wie sie sich immer Zeit f\u00fcr ihre riesige Fangemeinde nehmen, machen die Musiker so beliebt.<\/p>\n<p data-start=\"610\" data-end=\"877\">Neben ihren regul\u00e4ren Auftritten auf Festivals und in Clubs tourt die Band auch mit ihrer besonderen Theatershow <em data-start=\"723\" data-end=\"738\">\u201eEasy &amp; Free\u201c<\/em>, spielt eine einzigartige <em data-start=\"765\" data-end=\"791\">Celtic Candle Light Show<\/em> in verschiedenen wundersch\u00f6nen Kirchen und organisiert die folgenden Veranstaltungen:<\/p>\n<ul data-start=\"879\" data-end=\"1154\">\n<li data-start=\"879\" data-end=\"968\"><strong data-start=\"881\" data-end=\"926\">Celtic Folk Festival \u2013 Halloween Edition:<\/strong> 7. November 2025, EM2 in Groningen (NL)<\/li>\n<li data-start=\"969\" data-end=\"1035\"><strong data-start=\"971\" data-end=\"996\">Celtic Folk Festival:<\/strong> wird noch bekanntgegeben, Eelde (NL)<\/li>\n<li data-start=\"1036\" data-end=\"1092\"><strong data-start=\"1038\" data-end=\"1061\">Zomerfolk Festival:<\/strong> 6. &amp; 7. Juni, Groningen (NL)<\/li>\n<li data-start=\"1093\" data-end=\"1154\"><strong data-start=\"1095\" data-end=\"1120\">Imaginarium Festival:<\/strong> 3., 4. &amp; 5. Juli, Tytsjerk (NL)<\/li>\n<\/ul>\n<h2>William<\/h2>\n<p><img loading=\"lazy\" decoding=\"async\" class=\"alignnone wp-image-36334\" src=\"https:\/\/rapalje.com\/wp-content\/uploads\/2023\/04\/William-site.jpg\" alt=\"\" width=\"500\" height=\"500\" srcset=\"https:\/\/rapalje.com\/wp-content\/uploads\/2023\/04\/William-site.jpg 1000w, https:\/\/rapalje.com\/wp-content\/uploads\/2023\/04\/William-site-300x300.jpg 300w, https:\/\/rapalje.com\/wp-content\/uploads\/2023\/04\/William-site-150x150.jpg 150w, https:\/\/rapalje.com\/wp-content\/uploads\/2023\/04\/William-site-768x768.jpg 768w, https:\/\/rapalje.com\/wp-content\/uploads\/2023\/04\/William-site-100x100.jpg 100w, https:\/\/rapalje.com\/wp-content\/uploads\/2023\/04\/William-site-200x200.jpg 200w, https:\/\/rapalje.com\/wp-content\/uploads\/2023\/04\/William-site-630x630.jpg 630w, https:\/\/rapalje.com\/wp-content\/uploads\/2023\/04\/William-site-600x600.jpg 600w\" sizes=\"auto, (max-width: 500px) 100vw, 500px\" \/><\/p>\n<p><em>Gesang, Gitouki, Mandonline, Bodhr\u00e1n &amp; Tee-Kisten-Bass<\/em><\/p>\n<p>Auf Grund seiner Stimme, seiner Musik und seinem Charme, ist William in Groningen und Oldenburg als Stra\u00dfenmusiker bestens bekannt. Es funktionierte einfach nicht, dass Mace\u00e1l auf der einen und William auf der anderen Stra\u00dfenseite die gleichen Instrumente spielten. Erst als Mace\u00e1l auf Zieharmonika und Teekistenbass umstieg, konnten er und William zusammen Musik machen. Mace\u00e0l integrierte William zun\u00e4chst als Gastmusiker in sein bestehendes Duo mit Dieb. William\u2019s erster Auftritt ist auf der CD &#8218;Celts in Kilts&#8216; zu h\u00f6ren. Er singt das Lied &#8218;Jock Stuart&#8217;und spielt Gitouki in &#8218;The Drunken Sailor&#8216; und &#8218;William&#8217;s Favourite&#8216;.<\/p>\n<p><strong>Wusstest du schon, dass&#8230;<\/strong><\/p>\n<p>&#8230;William neben einem gesch\u00e4tzten Bandmitglied auch der Koch der Band ist? Er bereitet fast alle Mahlzeiten w\u00e4hrend einer Tour zu, damit jeder nicht nur gesund, sondern vor allem auch lecker essen kann.<\/p>\n<h2>Mace\u00e1l<\/h2>\n<h3><img loading=\"lazy\" decoding=\"async\" class=\"alignnone wp-image-36337\" src=\"https:\/\/rapalje.com\/wp-content\/uploads\/2023\/04\/marcel-site-1024x1024.jpg\" alt=\"\" width=\"500\" height=\"500\" srcset=\"https:\/\/rapalje.com\/wp-content\/uploads\/2023\/04\/marcel-site-1024x1024.jpg 1024w, https:\/\/rapalje.com\/wp-content\/uploads\/2023\/04\/marcel-site-300x300.jpg 300w, https:\/\/rapalje.com\/wp-content\/uploads\/2023\/04\/marcel-site-150x150.jpg 150w, https:\/\/rapalje.com\/wp-content\/uploads\/2023\/04\/marcel-site-768x768.jpg 768w, https:\/\/rapalje.com\/wp-content\/uploads\/2023\/04\/marcel-site-100x100.jpg 100w, https:\/\/rapalje.com\/wp-content\/uploads\/2023\/04\/marcel-site-200x200.jpg 200w, https:\/\/rapalje.com\/wp-content\/uploads\/2023\/04\/marcel-site-1536x1536.jpg 1536w, https:\/\/rapalje.com\/wp-content\/uploads\/2023\/04\/marcel-site-2048x2048.jpg 2048w, https:\/\/rapalje.com\/wp-content\/uploads\/2023\/04\/marcel-site-1080x1080.jpg 1080w, https:\/\/rapalje.com\/wp-content\/uploads\/2023\/04\/marcel-site-630x630.jpg 630w, https:\/\/rapalje.com\/wp-content\/uploads\/2023\/04\/marcel-site-600x600.jpg 600w\" sizes=\"auto, (max-width: 500px) 100vw, 500px\" \/><\/h3>\n<p><em>Gesang, Harmonicas, Gitouki, Bodhr\u00e1n &amp; Tee-Kisten-Bass<\/em><\/p>\n<p>Dieser Multi-Instrumentalist spielte zuerst in einer Ein-Mann-Band elf Instrumente zur selben Zeit. Heutzutage spielt er drei Instrumente gleichzeitig und f\u00fcgt so zu Rapalje zwei imagin\u00e4re Bandmitglieder hinzu. Nach &#8218;Ruk en Pluk&#8216; formierte sich eine Band mit dem Namen &#8218;De Eikeltjes aldus Ronald&#8216;. Der erste Versuch, einen seri\u00f6sen Namen zu haben war mit &#8218;Klootjes Folk&#8216;. Er erfand ein neues Instrument, die Gitouki, und komplett neue Stimmungen f\u00fcr Mundharmonika und Ziehharmonika.<\/p>\n<p><strong>Wusstest du schon, dass&#8230;<\/strong><\/p>\n<p>&#8230;auch Mace\u00e1l viel mehr f\u00fcr die Band ist als nur Musikant? Er baut die Tonanlagen von Rapalje und vermietet sie, \u00fcber seine eigene Firma, auch an andere Bands und Veranstaltungen.<\/p>\n<h2>David<\/h2>\n<h3><img loading=\"lazy\" decoding=\"async\" class=\"alignnone wp-image-36335\" src=\"https:\/\/rapalje.com\/wp-content\/uploads\/2023\/04\/167380437_292623165564385_5784196817691792813_n-2-999x1024.jpg\" alt=\"\" width=\"500\" height=\"512\" srcset=\"https:\/\/rapalje.com\/wp-content\/uploads\/2023\/04\/167380437_292623165564385_5784196817691792813_n-2-999x1024.jpg 999w, https:\/\/rapalje.com\/wp-content\/uploads\/2023\/04\/167380437_292623165564385_5784196817691792813_n-2-293x300.jpg 293w, https:\/\/rapalje.com\/wp-content\/uploads\/2023\/04\/167380437_292623165564385_5784196817691792813_n-2-768x787.jpg 768w, https:\/\/rapalje.com\/wp-content\/uploads\/2023\/04\/167380437_292623165564385_5784196817691792813_n-2-1499x1536.jpg 1499w, https:\/\/rapalje.com\/wp-content\/uploads\/2023\/04\/167380437_292623165564385_5784196817691792813_n-2-1080x1107.jpg 1080w, https:\/\/rapalje.com\/wp-content\/uploads\/2023\/04\/167380437_292623165564385_5784196817691792813_n-2-600x615.jpg 600w, https:\/\/rapalje.com\/wp-content\/uploads\/2023\/04\/167380437_292623165564385_5784196817691792813_n-2.jpg 1668w\" sizes=\"auto, (max-width: 500px) 100vw, 500px\" \/><\/h3>\n<p><em>Highlandpipes, Borderpipes, Tin Whistle &amp; Low Whistle<\/em><\/p>\n<p>Der Halbschotte begann 1992 bei \u2018The Clan MacBeth Pipeband\u2019 aus Groningen den schottischen Dudelsack zu spielen. Inzwischen unterrichtet David diese Band und auch \u2018The Islanders\u2019. Au\u00dferdem spielt er bei \u2018The City of Amsterdam Pipeband\u2019. Rapalje \u2018entdeckte\u2019 David auf einem schottischen Festival, wo er zwischen allen anderen Dudelsackspielern durch sein sehr musikalisches Spiel auffiel. Der junge Wirbelwind bl\u00e4st auf seinen Instrumenten wie ein frischer Wind durch Rapalje. Er spielt Schottische Dudels\u00e4cke, Tin Whistle und Low Whistle.<\/p>\n<p><strong>Wusstest du schon, dass&#8230;<\/strong><\/p>\n<p>&#8230;David, neben seinen Auftritten bei Rapalje auch das Rapalje Zomerfolk Festival ins Leben gerufen hat? Das Zomerfolk ist ein Musikfestival, das die Band jedes Jahr in Groningen organisiert.<\/p>\n<h2>Sebastiaan Hidding<\/h2>\n<h2><img loading=\"lazy\" decoding=\"async\" class=\"alignnone wp-image-36336\" src=\"https:\/\/rapalje.com\/wp-content\/uploads\/2023\/04\/Sebas-1024x1024.jpg\" alt=\"\" width=\"500\" height=\"500\" srcset=\"https:\/\/rapalje.com\/wp-content\/uploads\/2023\/04\/Sebas-1024x1024.jpg 1024w, https:\/\/rapalje.com\/wp-content\/uploads\/2023\/04\/Sebas-300x300.jpg 300w, https:\/\/rapalje.com\/wp-content\/uploads\/2023\/04\/Sebas-150x150.jpg 150w, https:\/\/rapalje.com\/wp-content\/uploads\/2023\/04\/Sebas-768x768.jpg 768w, https:\/\/rapalje.com\/wp-content\/uploads\/2023\/04\/Sebas-100x100.jpg 100w, https:\/\/rapalje.com\/wp-content\/uploads\/2023\/04\/Sebas-200x200.jpg 200w, https:\/\/rapalje.com\/wp-content\/uploads\/2023\/04\/Sebas-1536x1536.jpg 1536w, https:\/\/rapalje.com\/wp-content\/uploads\/2023\/04\/Sebas-2048x2048.jpg 2048w, https:\/\/rapalje.com\/wp-content\/uploads\/2023\/04\/Sebas-1080x1080.jpg 1080w, https:\/\/rapalje.com\/wp-content\/uploads\/2023\/04\/Sebas-630x630.jpg 630w, https:\/\/rapalje.com\/wp-content\/uploads\/2023\/04\/Sebas-600x600.jpg 600w\" sizes=\"auto, (max-width: 500px) 100vw, 500px\" \/><\/h2>\n<p><em>Geige, gesang<\/em><\/p>\n<h2>Vormaliges Bandlid:<br \/>\nDieb<\/h2>\n<h3><img loading=\"lazy\" decoding=\"async\" class=\"alignnone size-full wp-image-543\" src=\"http:\/\/www.rapalje.com\/wp-content\/uploads\/2016\/03\/dieb.jpg\" alt=\"dieb\" width=\"600\" height=\"600\" \/><\/h3>\n<p><em>Gesang, Geige, Tin Whisle &amp; Accordeon<\/em><\/p>\n<p>Aus gesundheitlichen Gr\u00fcnden entschied sich Dieb, die Band im April 2022 zu verlassen."},"excerpt":{"rendered":"<p>Rapalje sind eine preisgekr\u00f6nte Band aus der schottischen und irischen Volksmusikszene. In den 31 Jahren ihres Bestehens haben sie das Publikum mit leidenschaftlichen und lebendigen Auftritten auf Hunderten von B\u00fchnen [&hellip;]<\/p>\n","protected":false},"author":7,"featured_media":62,"parent":0,"menu_order":0,"comment_status":"closed","ping_status":"closed","template":"","meta":{"footnotes":""},"class_list":["post-21","page","type-page","status-publish","has-post-thumbnail","hentry"],"_links":{"self":[{"href":"https:\/\/rapalje.com\/de\/wp-json\/wp\/v2\/pages\/21","targetHints":{"allow":["GET"]}}],"collection":[{"href":"https:\/\/rapalje.com\/de\/wp-json\/wp\/v2\/pages"}],"about":[{"href":"https:\/\/rapalje.com\/de\/wp-json\/wp\/v2\/types\/page"}],"author":[{"embeddable":true,"href":"https:\/\/rapalje.com\/de\/wp-json\/wp\/v2\/users\/7"}],"replies":[{"embeddable":true,"href":"https:\/\/rapalje.com\/de\/wp-json\/wp\/v2\/comments?post=21"}],"version-history":[{"count":0,"href":"https:\/\/rapalje.com\/de\/wp-json\/wp\/v2\/pages\/21\/revisions"}],"wp:featuredmedia":[{"embeddable":true,"href":"https:\/\/rapalje.com\/de\/wp-json\/"}],"wp:attachment":[{"href":"https:\/\/rapalje.com\/de\/wp-json\/?parent=21"}],"curies":[{"name":"wp","href":"https:\/\/api.w.org\/{rel}","templated":true}]}}