{"id":24459,"date":"2020-03-18T09:43:34","date_gmt":"2020-03-18T08:43:34","guid":{"rendered":"https:\/\/rapalje.com\/?page_id=24459"},"modified":"2022-04-13T00:14:46","modified_gmt":"2022-04-12T22:14:46","slug":"stream","status":"publish","type":"page","link":"https:\/\/rapalje.com\/de\/stream\/","title":{"rendered":"Schauen Sie sich unsere StreamTour an"},"content":{"rendered":"[et_pb_section admin_label=&#8220;section&#8220;]\n\t\t\t[et_pb_row admin_label=&#8220;row&#8220;]\n\t\t\t\t[et_pb_column type=&#8220;4_4&#8243;][et_pb_text admin_label=&#8220;Text&#8220;]&nbsp;<\/p>\n<p>Live on on <a href=\"https:\/\/www.facebook.com\/rapalje\">Facebook<\/a>, <a href=\"https:\/\/www.youtube.com\/user\/rapaljemaceal\">YouTube<\/a> and our <a href=\"https:\/\/rapalje.com\/nl\/stream\/\">website<\/a><\/p>\n<p>&nbsp;<\/p>\n<p>&nbsp;<\/p>\n<h3><\/h3>\n<h2 data-offset-key=\"avqp8-0-0\">Kommende Streamshow<\/h2>\n<div style=\"padding: 56.25% 0 0 0; position: relative;\"><iframe style=\"position: absolute; top: 0; left: 0; width: 100%; height: 100%;\" src=\"https:\/\/vimeo.com\/event\/293744\/embed\" frameborder=\" allowfullscreen=\" allowfullscreen=\"allowfullscreen\"><span data-mce-type=\"bookmark\" style=\"display: inline-block; width: 0px; overflow: hidden; line-height: 0;\" class=\"mce_SELRES_start\">\ufeff<\/span><span data-mce-type=\"bookmark\" style=\"display: inline-block; width: 0px; overflow: hidden; line-height: 0;\" class=\"mce_SELRES_start\">\ufeff<\/span><span data-mce-type=\"bookmark\" style=\"display: inline-block; width: 0px; overflow: hidden; line-height: 0;\" class=\"mce_SELRES_start\">\ufeff<\/span><\/iframe><\/div>\n<p>&nbsp;<\/p>\n<h2>Letzte Streamshow<\/h2>\n<div style=\"padding: 56.25% 0 0 0; position: relative;\"><iframe style=\"position: absolute; top: 0; left: 0; width: 100%; height: 100%;\" src=\"https:\/\/player.vimeo.com\/video\/533170191\" frameborder=\" allowfullscreen=\" allowfullscreen=\"allowfullscreen\"><span data-mce-type=\"bookmark\" style=\"display: inline-block; width: 0px; overflow: hidden; line-height: 0;\" class=\"mce_SELRES_start\">\ufeff<\/span><span data-mce-type=\"bookmark\" style=\"display: inline-block; width: 0px; overflow: hidden; line-height: 0;\" class=\"mce_SELRES_start\">\ufeff<\/span><span data-mce-type=\"bookmark\" style=\"display: inline-block; width: 0px; overflow: hidden; line-height: 0;\" class=\"mce_SELRES_start\">\ufeff<\/span><span data-mce-type=\"bookmark\" style=\"display: inline-block; width: 0px; overflow: hidden; line-height: 0;\" class=\"mce_SELRES_start\">\ufeff<\/span><span data-mce-type=\"bookmark\" style=\"display: inline-block; width: 0px; overflow: hidden; line-height: 0;\" class=\"mce_SELRES_start\">\ufeff<\/span><\/iframe><\/div>\n<p>Liebes Publikum,<\/p>\n<p>Unser 25-j\u00e4hriges Jubil\u00e4umsjahr verl\u00e4uft leider ganz anders als geplant, aber wir halten durch! Wie du wist wurden viele unserer Shows abgesagt. Wir haben aber Live-Auftritte f\u00fcr alle an ganz besonderen Orten organisiert. Du kannst diese Konzerte einfach von deinem Wohnzimmer aus besuchen!<\/p>\n<div class=\"\" data-block=\"true\" data-editor=\"ajg5l\" data-offset-key=\"eph2n-0-0\">\n<div data-offset-key=\"eph2n-0-0\">F\u00fcr diese Shows kannst du ein &#8218;Ticket&#8216; durch eine freiwillige Spende kaufen. Du bestimmst den Preis selbst: du kannst der Stream auch sehen ohne zu zahlen. Auf diese Weise kannst du uns direkt helfen, Brot auf den Tisch zu bringen, und vor allem k\u00f6nnen wir gemeinsam in eine Welt voller Musik und Spa\u00df entkommen: Bist du da?<\/div>\n<div data-offset-key=\"eph2n-0-0\"><\/div>\n<div class=\"_1mf _1mj\" data-offset-key=\"eph2n-0-0\"><span data-offset-key=\"eph2n-0-0\">Be Easy And Free<\/span><\/div>\n<div data-offset-key=\"eph2n-0-0\"><\/div>\n<\/div>\n<div class=\"\" data-block=\"true\" data-editor=\"ajg5l\" data-offset-key=\"52pkl-0-0\">\n<div class=\"_1mf _1mj\" data-offset-key=\"52pkl-0-0\"><span data-offset-key=\"52pkl-0-0\">\u00a0<\/span><\/div>\n<\/div>\n<div class=\"\" data-block=\"true\" data-editor=\"ajg5l\" data-offset-key=\"avqp8-0-0\">\n<div class=\"_1mf _1mj\" data-offset-key=\"avqp8-0-0\"><span data-offset-key=\"avqp8-0-0\">David, Dieb, Mace\u00e1l &amp; William<\/span><\/div>\n<\/div>\n<h2>Vorige Streamshows<\/h2>\n<p><iframe loading=\"lazy\" src=\"https:\/\/player.vimeo.com\/video\/512224267\" width=\"280\" height=\"185\" frameborder=\"0\" allowfullscreen=\"allowfullscreen\"><span data-mce-type=\"bookmark\" style=\"display: inline-block; width: 0px; overflow: hidden; line-height: 0;\" class=\"mce_SELRES_start\">\ufeff<\/span><span data-mce-type=\"bookmark\" style=\"display: inline-block; width: 0px; overflow: hidden; line-height: 0;\" class=\"mce_SELRES_start\">\ufeff<\/span><span data-mce-type=\"bookmark\" style=\"display: inline-block; width: 0px; overflow: hidden; line-height: 0;\" class=\"mce_SELRES_start\">\ufeff<\/span><\/iframe><iframe loading=\"lazy\" src=\"https:\/\/player.vimeo.com\/video\/512203416\" width=\"280\" height=\"185\" frameborder=\"0\" allowfullscreen=\"allowfullscreen\"><span data-mce-type=\"bookmark\" style=\"display: inline-block; width: 0px; overflow: hidden; line-height: 0;\" class=\"mce_SELRES_start\">\ufeff<\/span><span data-mce-type=\"bookmark\" style=\"display: inline-block; width: 0px; overflow: hidden; line-height: 0;\" class=\"mce_SELRES_start\">\ufeff<\/span><span data-mce-type=\"bookmark\" style=\"display: inline-block; width: 0px; overflow: hidden; line-height: 0;\" class=\"mce_SELRES_start\">\ufeff<\/span><\/iframe><iframe loading=\"lazy\" src=\"https:\/\/player.vimeo.com\/video\/494846128\" width=\"280\" height=\"185\" frameborder=\"0\" allowfullscreen=\"allowfullscreen\"><span data-mce-type=\"bookmark\" style=\"display: inline-block; width: 0px; overflow: hidden; line-height: 0;\" class=\"mce_SELRES_start\">\ufeff<\/span><span data-mce-type=\"bookmark\" style=\"display: inline-block; width: 0px; overflow: hidden; line-height: 0;\" class=\"mce_SELRES_start\">\ufeff<\/span><span data-mce-type=\"bookmark\" style=\"display: inline-block; width: 0px; overflow: hidden; line-height: 0;\" class=\"mce_SELRES_start\">\ufeff<\/span><\/iframe><iframe loading=\"lazy\" src=\"https:\/\/player.vimeo.com\/video\/479324004\" width=\"280\" height=\"185\" frameborder=\"0\" allowfullscreen=\"allowfullscreen\"><span data-mce-type=\"bookmark\" style=\"display: inline-block; width: 0px; overflow: hidden; line-height: 0;\" class=\"mce_SELRES_start\">\ufeff<\/span><span data-mce-type=\"bookmark\" style=\"display: inline-block; width: 0px; overflow: hidden; line-height: 0;\" class=\"mce_SELRES_start\">\ufeff<\/span><span data-mce-type=\"bookmark\" style=\"display: inline-block; width: 0px; overflow: hidden; line-height: 0;\" class=\"mce_SELRES_start\">\ufeff<\/span><span data-mce-type=\"bookmark\" style=\"display: inline-block; width: 0px; overflow: hidden; line-height: 0;\" class=\"mce_SELRES_start\">\ufeff<\/span><\/iframe><iframe loading=\"lazy\" src=\"https:\/\/player.vimeo.com\/video\/464575271\" width=\"280\" height=\"185\" frameborder=\"0\" allowfullscreen=\"allowfullscreen\"><span data-mce-type=\"bookmark\" style=\"display: inline-block; width: 0px; overflow: hidden; line-height: 0;\" class=\"mce_SELRES_start\">\ufeff<\/span><span data-mce-type=\"bookmark\" style=\"display: inline-block; width: 0px; overflow: hidden; line-height: 0;\" class=\"mce_SELRES_start\">\ufeff<\/span><\/iframe><iframe loading=\"lazy\" src=\"https:\/\/player.vimeo.com\/video\/474095962\" width=\"280\" height=\"185\" frameborder=\"0\" allowfullscreen=\"allowfullscreen\"><span data-mce-type=\"bookmark\" style=\"display: inline-block; width: 0px; overflow: hidden; line-height: 0;\" class=\"mce_SELRES_start\">\ufeff<\/span><\/iframe><iframe loading=\"lazy\" src=\"https:\/\/player.vimeo.com\/video\/466079210\" width=\"280\" height=\"185\" frameborder=\"0\" allowfullscreen=\"allowfullscreen\"><span data-mce-type=\"bookmark\" style=\"display: inline-block; width: 0px; overflow: hidden; line-height: 0;\" class=\"mce_SELRES_start\">\ufeff<\/span><\/iframe><iframe loading=\"lazy\" src=\"https:\/\/player.vimeo.com\/video\/457257987\" width=\"280\" height=\"185\" frameborder=\"0\" allowfullscreen=\"allowfullscreen\"><span data-mce-type=\"bookmark\" style=\"display: inline-block; width: 0px; overflow: hidden; line-height: 0;\" class=\"mce_SELRES_start\">\ufeff<\/span><\/iframe><iframe loading=\"lazy\" src=\"https:\/\/www.youtube.com\/embed\/lQOtxr5c0q0\" width=\"280\" height=\"185\" frameborder=\"0\" allowfullscreen=\"allowfullscreen\"><\/iframe><iframe loading=\"lazy\" src=\"https:\/\/player.vimeo.com\/video\/442134929\" width=\"280\" height=\"185\" frameborder=\"0\" allowfullscreen=\"allowfullscreen\"><\/iframe><iframe loading=\"lazy\" src=\"https:\/\/player.vimeo.com\/video\/441622229\" width=\"280\" height=\"185\" frameborder=\"0\" allowfullscreen=\"allowfullscreen\"><\/iframe><iframe loading=\"lazy\" src=\"https:\/\/player.vimeo.com\/video\/438076335\" width=\"280\" height=\"185\" frameborder=\"0\" allowfullscreen=\"allowfullscreen\"><\/iframe><iframe loading=\"lazy\" src=\"https:\/\/player.vimeo.com\/video\/429570729\" width=\"280\" height=\"185\" frameborder=\"0\" allowfullscreen=\"allowfullscreen\"><\/iframe><iframe loading=\"lazy\" src=\"https:\/\/player.vimeo.com\/video\/426986487\" width=\"280\" height=\"185\" frameborder=\"0\" allowfullscreen=\"allowfullscreen\"><\/iframe><iframe loading=\"lazy\" src=\"https:\/\/player.vimeo.com\/video\/424560329\" width=\"280\" height=\"185\" frameborder=\"0\" allowfullscreen=\"allowfullscreen\"><\/iframe><iframe loading=\"lazy\" src=\"https:\/\/player.vimeo.com\/video\/424097736\" width=\"280\" height=\"185\" frameborder=\"0\" allowfullscreen=\"allowfullscreen\"><\/iframe><iframe loading=\"lazy\" src=\"https:\/\/player.vimeo.com\/video\/413928998\" width=\"280\" height=\"185\" frameborder=\"0\" allowfullscreen=\"allowfullscreen\"><\/iframe><iframe loading=\"lazy\" src=\"https:\/\/player.vimeo.com\/video\/414671183\" width=\"280\" height=\"185\" frameborder=\"0\" allowfullscreen=\"allowfullscreen\"><\/iframe><iframe loading=\"lazy\" src=\"https:\/\/player.vimeo.com\/video\/415502551\" width=\"280\" height=\"185\" frameborder=\"0\" allowfullscreen=\"allowfullscreen\"><\/iframe><iframe loading=\"lazy\" src=\"https:\/\/player.vimeo.com\/video\/414815434\" width=\"280\" height=\"185\" frameborder=\"0\" allowfullscreen=\"allowfullscreen\"><\/iframe><iframe loading=\"lazy\" src=\"https:\/\/player.vimeo.com\/video\/415561497\" width=\"280\" height=\"185\" frameborder=\"0\" allowfullscreen=\"allowfullscreen\"><\/iframe><iframe loading=\"lazy\" src=\"https:\/\/player.vimeo.com\/video\/416070979\" width=\"280\" height=\"185\" frameborder=\"0\" allowfullscreen=\"allowfullscreen\"><\/iframe><iframe loading=\"lazy\" src=\"https:\/\/www.youtube.com\/embed\/5BYwJOqYI_M\" width=\"280\" height=\"185\" frameborder=\"0\" allowfullscreen=\"allowfullscreen\"><\/iframe><iframe loading=\"lazy\" src=\"https:\/\/player.vimeo.com\/video\/415577625\" width=\"280\" height=\"185\" frameborder=\"0\" allowfullscreen=\"allowfullscreen\"><\/iframe><\/p>\n<h3>Kaufen Sie ein virtuelles Ticket<\/h3>\n<form method=\"POST\" action=\"\" class=\"pt-checkout-form\" id=\"pt_checkout_form_6\" data-pt-id=\"6\" data-parsley-validate enctype=\"multipart\/form-data\"><noscript><div class=\"pt-form-alert\">This form requires JavaScript, enable it in your browser.<\/div><\/noscript>\n<div class=\"pt-form-group pt-form-group-11 pt-form-group-uea-custom-amount \"><label for=\"pt_uea_custom_amount_21\">Geben Sie hier Ihren Ticketpreis ein:<\/label><div class=\"pt-uea-container pt-uea-container-with-prepend\"><div class=\"pt-uea-currency-prepend\"><span class=\"pt-uea-currency pt-uea-currency-before\">&euro;<\/span> <\/div> <input type=\"text\" class=\"pt-field pt-uea-custom-amount\" autocomplete=\"off\" name=\"pt_items[21][amount]\" id=\"pt_uea_custom_amount_21\" value=\"10\" parsley-type=\"number\"  data-parsley-open=\"1\" placeholder=\"\" data-parsley-errors-container=\"#pt_uea_custom_amount_errors_21\" data-pt-price=\"10\"><input type=\"hidden\" class=\"pt-field pt-uea-custom-amount-formatted\" name=\"pt_items[21][amount]\" value=\"10\" data-pt-price=\"10\" \/><input type=\"hidden\" name=\"pt_items[21][label]\" value=\"Geben Sie hier Ihren Ticketpreis ein:\"><input type=\"hidden\" name=\"pt_items[21][tax_percentage]\" value=\"0\"><input type=\"hidden\" name=\"pt_items[21][type]\" value=\"open\"><\/div><div id=\"pt_uea_custom_amount_errors_21\"><\/div><\/div>\n<div class=\"pt-form-group pt-form-group-12 pt-form-group-field-name\"><label for=\"pt-field-name\">M\u00f6glicherweise dein Name:<\/label><input type=\"text\" id=\"pt-field-name-23\" name=\"pt-field-name-23\" autocomplete=\"name\" class=\"pt-field pt-field-name\" value=\"\" data-pt-field-type=\"name\" data-pt-user-label=\"M\u00f6glicherweise dein Name\" data-pt-user-data=\"false\"       \/><\/div>\n<button class=\"pt-payment-btn paytium-button-el\"><span>Ticket bekommen<\/span><\/button>\n<input type=\"hidden\" name=\"pt-name\" value=\"Rapalje\" \/><input type=\"hidden\" name=\"pt-description\" value=\"Castlefest\" \/><input type=\"hidden\" name=\"pt-amount\" class=\"pt_amount\" value=\"\" \/><input type=\"hidden\" name=\"pt_redirect_url\" value=\"https:\/\/rapalje.com\/de\/stream\/\" \/><input type=\"hidden\" name=\"pt-form-load\" value=\"c77e5b5f571603cb950c4dd0e4f5c726\" \/><\/form>[\/et_pb_text][\/et_pb_column]\n\t\t\t[\/et_pb_row]\n\t\t[\/et_pb_section]"},"excerpt":{"rendered":"<p>[et_pb_section admin_label=&#8220;section&#8220;] [et_pb_row admin_label=&#8220;row&#8220;] [et_pb_column type=&#8220;4_4&#8243;][et_pb_text admin_label=&#8220;Text&#8220;]&nbsp; Live on on Facebook, YouTube and our website &nbsp; &nbsp; Kommende Streamshow \ufeff\ufeff\ufeff &nbsp; Letzte Streamshow \ufeff\ufeff\ufeff\ufeff\ufeff Liebes Publikum, Unser 25-j\u00e4hriges Jubil\u00e4umsjahr verl\u00e4uft [&hellip;]<\/p>\n","protected":false},"author":5,"featured_media":0,"parent":0,"menu_order":0,"comment_status":"closed","ping_status":"closed","template":"","meta":{"footnotes":""},"class_list":["post-24459","page","type-page","status-publish","hentry"],"_links":{"self":[{"href":"https:\/\/rapalje.com\/de\/wp-json\/wp\/v2\/pages\/24459","targetHints":{"allow":["GET"]}}],"collection":[{"href":"https:\/\/rapalje.com\/de\/wp-json\/wp\/v2\/pages"}],"about":[{"href":"https:\/\/rapalje.com\/de\/wp-json\/wp\/v2\/types\/page"}],"author":[{"embeddable":true,"href":"https:\/\/rapalje.com\/de\/wp-json\/wp\/v2\/users\/5"}],"replies":[{"embeddable":true,"href":"https:\/\/rapalje.com\/de\/wp-json\/wp\/v2\/comments?post=24459"}],"version-history":[{"count":0,"href":"https:\/\/rapalje.com\/de\/wp-json\/wp\/v2\/pages\/24459\/revisions"}],"wp:attachment":[{"href":"https:\/\/rapalje.com\/de\/wp-json\/?parent=24459"}],"curies":[{"name":"wp","href":"https:\/\/api.w.org\/{rel}","templated":true}]}}