{"id":2520,"date":"2016-11-02T11:26:46","date_gmt":"2016-11-02T09:26:46","guid":{"rendered":"http:\/\/www.rapalje.com\/?page_id=2520"},"modified":"2016-11-02T11:26:46","modified_gmt":"2016-11-02T09:26:46","slug":"celtic-folk-night","status":"publish","type":"page","link":"https:\/\/rapalje.com\/de\/celtic-folk-night\/","title":{"rendered":"Celtic Folk Night"},"content":{"rendered":"<iframe loading=\"lazy\" src=\"https:\/\/www.youtube.com\/embed\/InloDF-N62Q?showinfo=0&amp;modestbranding=1&amp;rel=0\" width=\"560\" height=\"315\" frameborder=\"0\"><\/iframe><\/p>\n<h1 style=\"text-align: center;\"><\/h1>\n<h3><strong>Mitrei\u00dfende Irische und Schottische Balladen, feuerige Lieder und Temperamentvolle Musik.<\/strong><\/h3>\n<p>Bar ge\u00f6ffnet:\u00a01 Stunde f\u00fcr Anfang<br \/>\nRapalje\u00a0Konzert mit kurze Pauze<\/p>\n<h3><\/h3>\n<p><img loading=\"lazy\" decoding=\"async\" class=\"wp-image-2980 size-medium alignright\" style=\"width: 300px;\" src=\"http:\/\/www.rapalje.com\/wp-content\/uploads\/2016\/03\/speyer1-300x190.jpg\" alt=\"speyer1\" width=\"300\" height=\"190\" \/>Vor 2.000 Jahren wurden die Kelten vom europ\u00e4ischen Festland vertrieben. Alle Kelten?<br \/>\nNein! Eine Band hat tapfer gegen die Einfl\u00fcsse von moderner Pop- und Rockmusik Widerstand geleistet und fand schlie\u00dflich ihren Platz in der Welt der modernen Musik. Bewaffnet mit nicht mehr als ihren Instrumenten und ihren Stimmen, zieht die Band Rapalje nun auf ihrem Streifzug durch Clubs und <img loading=\"lazy\" decoding=\"async\" class=\"wp-image-2981 size-medium alignleft\" style=\"width: 300px;\" src=\"http:\/\/www.rapalje.com\/wp-content\/uploads\/2016\/03\/speyer2-300x199.jpg\" alt=\"speyer2\" width=\"300\" height=\"199\" \/>S\u00e4le soweit das Ohr reicht, auf der Suche nach \u201eOpfern\u201c, um sie mitzunehmen auf eine musikalische Reise durch schottisches Hochland, irische Ebenen, Tavernen und Herbergen. Mitrei\u00dfende Jigs und Reels, gef\u00fchlvolle Balladen und ein Hauch von Heavy Metal geben dir die perfekte M\u00f6glichkeit, f\u00fcr einen Abend aus dem Alltag zu entfliehen.<\/p>\n<p>&nbsp;<\/p>\n<p>&nbsp;<\/p>\n<p>&nbsp;<\/p>\n<h3>Meine Damen und Herren \u2013 lasst uns tanzen!<\/h3>\n<p>&nbsp;<\/p>\n<h3><\/h3>\n<div class=\"ecs-no-events\">Es sind keine anstehenden Veranstaltungen vorhanden.<\/div>"},"excerpt":{"rendered":"<p>Mitrei\u00dfende Irische und Schottische Balladen, feuerige Lieder und Temperamentvolle Musik. Bar ge\u00f6ffnet:\u00a01 Stunde f\u00fcr Anfang Rapalje\u00a0Konzert mit kurze Pauze Vor 2.000 Jahren wurden die Kelten vom europ\u00e4ischen Festland vertrieben. Alle [&hellip;]<\/p>\n","protected":false},"author":7,"featured_media":0,"parent":0,"menu_order":0,"comment_status":"closed","ping_status":"closed","template":"","meta":{"footnotes":""},"class_list":["post-2520","page","type-page","status-publish","hentry"],"_links":{"self":[{"href":"https:\/\/rapalje.com\/de\/wp-json\/wp\/v2\/pages\/2520","targetHints":{"allow":["GET"]}}],"collection":[{"href":"https:\/\/rapalje.com\/de\/wp-json\/wp\/v2\/pages"}],"about":[{"href":"https:\/\/rapalje.com\/de\/wp-json\/wp\/v2\/types\/page"}],"author":[{"embeddable":true,"href":"https:\/\/rapalje.com\/de\/wp-json\/wp\/v2\/users\/7"}],"replies":[{"embeddable":true,"href":"https:\/\/rapalje.com\/de\/wp-json\/wp\/v2\/comments?post=2520"}],"version-history":[{"count":0,"href":"https:\/\/rapalje.com\/de\/wp-json\/wp\/v2\/pages\/2520\/revisions"}],"wp:attachment":[{"href":"https:\/\/rapalje.com\/de\/wp-json\/?parent=2520"}],"curies":[{"name":"wp","href":"https:\/\/api.w.org\/{rel}","templated":true}]}}