{"id":27203,"date":"2020-07-04T13:41:57","date_gmt":"2020-07-04T11:41:57","guid":{"rendered":"https:\/\/rapalje.com\/?page_id=27203"},"modified":"2020-07-04T14:45:28","modified_gmt":"2020-07-04T12:45:28","slug":"thanks","status":"publish","type":"page","link":"https:\/\/rapalje.com\/de\/thanks\/","title":{"rendered":"Danke!"},"content":{"rendered":"Vielen Dank f\u00fcr deine Unterst\u00fctzung!<\/p>\n<p>Seit mehr als 25 Jahren stehen wir mit feuriger Leidenschaft f\u00fcr dich auf der B\u00fchne! Sogar buchst\u00e4blich. Musik machen ist unser Leben und unser Beruf. Bis bald!<\/p>\n<p>&nbsp;<\/p>\n<p><iframe loading=\"lazy\" src=\"https:\/\/player.vimeo.com\/video\/425046404\" width=\"640\" height=\"360\" frameborder=\"0\" allowfullscreen=\"allowfullscreen\"><\/iframe><\/p>\n<p>Hast du sich noch nicht f\u00fcr unser Mailing registriert? Und m\u00f6chtest du Teil unseres Clans sein, in dem Musik und das rohe wirkliche Leben voller Spa\u00df im Mittelpunkt stehen? Wir m\u00f6chten dir zeigen, was uns besch\u00e4ftigt, wo wir sind und was wir tun. Abonniere also und erhalte als Erster die neuesten Nachrichten. Es beginnt mit ein paar Wochen Spa\u00df und speziellen Videoclips!<\/p>\n<p><iframe loading=\"lazy\" src=\"https:\/\/player.vimeo.com\/video\/215551112\" width=\"320\" height=\"180\" frameborder=\"0\" allowfullscreen=\"allowfullscreen\" data-mce-fragment=\"1\"><\/iframe><\/p>\n<p><!-- Begin Mailchimp Signup Form --><\/p>\n<div id=\"mc_embed_signup\">\n<form id=\"mc-embedded-subscribe-form\" class=\"validate\" action=\"https:\/\/rapalje.us13.list-manage.com\/subscribe\/post?u=0bc436a1ec2b9e5af0ea2f6f3&amp;id=0f55ccc794\" method=\"post\" name=\"mc-embedded-subscribe-form\" novalidate=\"\" target=\"_blank\">\n<div id=\"mc_embed_signup_scroll\">\n<div class=\"mc-field-group\"><label for=\"mce-EMAIL\">E-Mail-Addresse <\/label><br \/>\n<input id=\"mce-EMAIL\" class=\"required email\" name=\"EMAIL\" type=\"email\" value=\"\" \/><\/div>\n<div class=\"mc-field-group\"><label for=\"mce-FNAME\">Vorname <\/label><br \/>\n<input id=\"mce-FNAME\" class=\"required\" name=\"FNAME\" type=\"text\" value=\"\" placeholder=\"Vorname\" \/><\/div>\n<div class=\"mc-field-group\"><label for=\"mce-LNAME\">Nachname <\/label><br \/>\n<input id=\"mce-LNAME\" class=\"required\" name=\"LNAME\" type=\"text\" value=\"\" placeholder=\"Nachname\" \/><\/div>\n<div class=\"mc-field-group input-group\" style=\"display: none;\">\n<p><strong>Type klant <\/strong><\/p>\n<ul>\n<li><input id=\"mce-group[18]-18-0\" checked=\"checked\" name=\"group[18][1]\" type=\"checkbox\" value=\"1\" \/><label for=\"mce-group[18]-18-0\">Fans<\/label><\/li>\n<li><input id=\"mce-group[18]-18-1\" name=\"group[18][2]\" type=\"checkbox\" value=\"2\" \/><label for=\"mce-group[18]-18-1\">Bezoekers<\/label><\/li>\n<li><input id=\"mce-group[18]-18-2\" name=\"group[18][4]\" type=\"checkbox\" value=\"4\" \/><label for=\"mce-group[18]-18-2\">Zomerfolk Fans<\/label><\/li>\n<li><input id=\"mce-group[18]-18-3\" name=\"group[18][8]\" type=\"checkbox\" value=\"8\" \/><label for=\"mce-group[18]-18-3\">Zomerfolk Bezoekers<\/label><\/li>\n<\/ul>\n<\/div>\n<div id=\"mce-responses\" class=\"clear\">\n<div id=\"mce-error-response\" class=\"response\" style=\"display: none;\"><\/div>\n<div id=\"mce-success-response\" class=\"response\" style=\"display: none;\"><\/div>\n<\/div>\n<p><!-- real people should not fill this in and expect good things - do not remove this or risk form bot signups--><\/p>\n<div style=\"position: absolute; left: -5000px;\" aria-hidden=\"true\"><input tabindex=\"-1\" name=\"b_0bc436a1ec2b9e5af0ea2f6f3_0f55ccc794\" type=\"text\" value=\"\" \/><\/div>\n<div class=\"clear\"><input id=\"mc-embedded-subscribe\" class=\"button\" name=\"subscribe\" type=\"submit\" value=\"Abonnieren\" \/><\/div>\n<\/div>\n<\/form>\n<\/div>\n<p><!--End mc_embed_signup-->"},"excerpt":{"rendered":"<p>Vielen Dank f\u00fcr deine Unterst\u00fctzung! Seit mehr als 25 Jahren stehen wir mit feuriger Leidenschaft f\u00fcr dich auf der B\u00fchne! Sogar buchst\u00e4blich. Musik machen ist unser Leben und unser Beruf. [&hellip;]<\/p>\n","protected":false},"author":7,"featured_media":0,"parent":0,"menu_order":0,"comment_status":"closed","ping_status":"closed","template":"","meta":{"footnotes":""},"class_list":["post-27203","page","type-page","status-publish","hentry"],"_links":{"self":[{"href":"https:\/\/rapalje.com\/de\/wp-json\/wp\/v2\/pages\/27203","targetHints":{"allow":["GET"]}}],"collection":[{"href":"https:\/\/rapalje.com\/de\/wp-json\/wp\/v2\/pages"}],"about":[{"href":"https:\/\/rapalje.com\/de\/wp-json\/wp\/v2\/types\/page"}],"author":[{"embeddable":true,"href":"https:\/\/rapalje.com\/de\/wp-json\/wp\/v2\/users\/7"}],"replies":[{"embeddable":true,"href":"https:\/\/rapalje.com\/de\/wp-json\/wp\/v2\/comments?post=27203"}],"version-history":[{"count":0,"href":"https:\/\/rapalje.com\/de\/wp-json\/wp\/v2\/pages\/27203\/revisions"}],"wp:attachment":[{"href":"https:\/\/rapalje.com\/de\/wp-json\/?parent=27203"}],"curies":[{"name":"wp","href":"https:\/\/api.w.org\/{rel}","templated":true}]}}