{"id":29366,"date":"2021-03-17T13:28:26","date_gmt":"2021-03-17T12:28:26","guid":{"rendered":"https:\/\/rapalje.com\/?page_id=29366"},"modified":"2021-03-17T14:14:00","modified_gmt":"2021-03-17T13:14:00","slug":"pub","status":"publish","type":"page","link":"https:\/\/rapalje.com\/de\/pub\/","title":{"rendered":"Rapalje Pub"},"content":{"rendered":"<a href=\"https:\/\/rapalje.com\/stream\"><img loading=\"lazy\" decoding=\"async\" class=\"alignnone wp-image-29379\" src=\"https:\/\/rapalje.com\/wp-content\/uploads\/2021\/03\/Banner-Rapalje-bier-480x60cm-CMYK-ISO-Coated-v2-300-ECI-scaled.jpg\" alt=\"\" width=\"1053\" height=\"135\" srcset=\"https:\/\/rapalje.com\/wp-content\/uploads\/2021\/03\/Banner-Rapalje-bier-480x60cm-CMYK-ISO-Coated-v2-300-ECI-scaled.jpg 2560w, https:\/\/rapalje.com\/wp-content\/uploads\/2021\/03\/Banner-Rapalje-bier-480x60cm-CMYK-ISO-Coated-v2-300-ECI-300x39.jpg 300w, https:\/\/rapalje.com\/wp-content\/uploads\/2021\/03\/Banner-Rapalje-bier-480x60cm-CMYK-ISO-Coated-v2-300-ECI-1024x132.jpg 1024w, https:\/\/rapalje.com\/wp-content\/uploads\/2021\/03\/Banner-Rapalje-bier-480x60cm-CMYK-ISO-Coated-v2-300-ECI-768x99.jpg 768w, https:\/\/rapalje.com\/wp-content\/uploads\/2021\/03\/Banner-Rapalje-bier-480x60cm-CMYK-ISO-Coated-v2-300-ECI-1536x198.jpg 1536w, https:\/\/rapalje.com\/wp-content\/uploads\/2021\/03\/Banner-Rapalje-bier-480x60cm-CMYK-ISO-Coated-v2-300-ECI-2048x263.jpg 2048w, https:\/\/rapalje.com\/wp-content\/uploads\/2021\/03\/Banner-Rapalje-bier-480x60cm-CMYK-ISO-Coated-v2-300-ECI-600x77.jpg 600w\" sizes=\"auto, (max-width: 1053px) 100vw, 1053px\" \/><\/a><\/p>\n<p>Heute Abend k\u00f6nnen Sie uns w\u00e4hrend unseres St. Patricks Day-Streams ein Getr\u00e4nk kaufen, ein Bier f\u00fcr David, Chocomel f\u00fcr Mace\u00e1l, einen sch\u00f6nen Rotwein f\u00fcr Dieb oder einen Whisky f\u00fcr William bestellen.<\/p>\n<p>Sie k\u00f6nnen das spezielle digitale Getr\u00e4nk f\u00fcr uns unter <a href=\"https:\/\/rapalje.com\/stream\">https:\/\/rapalje.com\/stream<\/a>\u00a0erhalten. Mit jedem bestellten Getr\u00e4nk erhalten Sie eine nette kleine Geschichte \u00fcber Rapalje. Vielleicht k\u00f6nnen Sie sie alle sammeln?<\/p>\n<p>Wir sehen uns am 17. M\u00e4rz um 19:00 Uhr<\/p>\n<p>Live on on <a href=\"https:\/\/www.facebook.com\/rapalje\">Facebook<\/a>, <a href=\"https:\/\/www.youtube.com\/user\/rapaljemaceal\">YouTube<\/a> and our <a href=\"https:\/\/rapalje.com\/nl\/stream\/\">website<\/a><\/p>\n<p>&nbsp;<\/p>\n<p>&nbsp;<\/p>\n<p><img loading=\"lazy\" decoding=\"async\" class=\"alignnone wp-image-29371 size-thumbnail\" src=\"https:\/\/rapalje.com\/wp-content\/uploads\/2021\/03\/Red-Wine-Rapalje-150x150.jpg\" alt=\"\" width=\"150\" height=\"150\" srcset=\"https:\/\/rapalje.com\/wp-content\/uploads\/2021\/03\/Red-Wine-Rapalje-150x150.jpg 150w, https:\/\/rapalje.com\/wp-content\/uploads\/2021\/03\/Red-Wine-Rapalje-300x300.jpg 300w, https:\/\/rapalje.com\/wp-content\/uploads\/2021\/03\/Red-Wine-Rapalje-100x100.jpg 100w, https:\/\/rapalje.com\/wp-content\/uploads\/2021\/03\/Red-Wine-Rapalje-200x200.jpg 200w, https:\/\/rapalje.com\/wp-content\/uploads\/2021\/03\/Red-Wine-Rapalje.jpg 350w\" sizes=\"auto, (max-width: 150px) 100vw, 150px\" \/> Red Wine &#8211; \u20ac 3,50<\/p>\n<p><img loading=\"lazy\" decoding=\"async\" class=\"alignnone wp-image-29373 size-thumbnail\" src=\"https:\/\/rapalje.com\/wp-content\/uploads\/2021\/03\/Whisky-Rapalje-150x150.jpg\" alt=\"\" width=\"150\" height=\"150\" srcset=\"https:\/\/rapalje.com\/wp-content\/uploads\/2021\/03\/Whisky-Rapalje-150x150.jpg 150w, https:\/\/rapalje.com\/wp-content\/uploads\/2021\/03\/Whisky-Rapalje-300x300.jpg 300w, https:\/\/rapalje.com\/wp-content\/uploads\/2021\/03\/Whisky-Rapalje-100x100.jpg 100w, https:\/\/rapalje.com\/wp-content\/uploads\/2021\/03\/Whisky-Rapalje-200x200.jpg 200w, https:\/\/rapalje.com\/wp-content\/uploads\/2021\/03\/Whisky-Rapalje.jpg 350w\" sizes=\"auto, (max-width: 150px) 100vw, 150px\" \/> Whisky &#8211; \u20ac 6,00<\/p>\n<p><img loading=\"lazy\" decoding=\"async\" class=\"alignnone wp-image-29369 size-thumbnail\" src=\"https:\/\/rapalje.com\/wp-content\/uploads\/2021\/03\/Chocomel-Rapalje-150x150.jpg\" alt=\"\" width=\"150\" height=\"150\" srcset=\"https:\/\/rapalje.com\/wp-content\/uploads\/2021\/03\/Chocomel-Rapalje-150x150.jpg 150w, https:\/\/rapalje.com\/wp-content\/uploads\/2021\/03\/Chocomel-Rapalje-300x300.jpg 300w, https:\/\/rapalje.com\/wp-content\/uploads\/2021\/03\/Chocomel-Rapalje-100x100.jpg 100w, https:\/\/rapalje.com\/wp-content\/uploads\/2021\/03\/Chocomel-Rapalje-200x200.jpg 200w, https:\/\/rapalje.com\/wp-content\/uploads\/2021\/03\/Chocomel-Rapalje.jpg 350w\" sizes=\"auto, (max-width: 150px) 100vw, 150px\" \/> Chocomel \u20ac 2,00"},"excerpt":{"rendered":"<p>Heute Abend k\u00f6nnen Sie uns w\u00e4hrend unseres St. Patricks Day-Streams ein Getr\u00e4nk kaufen, ein Bier f\u00fcr David, Chocomel f\u00fcr Mace\u00e1l, einen sch\u00f6nen Rotwein f\u00fcr Dieb oder einen Whisky f\u00fcr William [&hellip;]<\/p>\n","protected":false},"author":7,"featured_media":0,"parent":0,"menu_order":0,"comment_status":"closed","ping_status":"closed","template":"","meta":{"footnotes":""},"class_list":["post-29366","page","type-page","status-publish","hentry"],"_links":{"self":[{"href":"https:\/\/rapalje.com\/de\/wp-json\/wp\/v2\/pages\/29366","targetHints":{"allow":["GET"]}}],"collection":[{"href":"https:\/\/rapalje.com\/de\/wp-json\/wp\/v2\/pages"}],"about":[{"href":"https:\/\/rapalje.com\/de\/wp-json\/wp\/v2\/types\/page"}],"author":[{"embeddable":true,"href":"https:\/\/rapalje.com\/de\/wp-json\/wp\/v2\/users\/7"}],"replies":[{"embeddable":true,"href":"https:\/\/rapalje.com\/de\/wp-json\/wp\/v2\/comments?post=29366"}],"version-history":[{"count":0,"href":"https:\/\/rapalje.com\/de\/wp-json\/wp\/v2\/pages\/29366\/revisions"}],"wp:attachment":[{"href":"https:\/\/rapalje.com\/de\/wp-json\/?parent=29366"}],"curies":[{"name":"wp","href":"https:\/\/api.w.org\/{rel}","templated":true}]}}