{"id":71,"date":"2016-01-29T09:43:22","date_gmt":"2016-01-29T09:43:22","guid":{"rendered":"http:\/\/www.rapalje.com\/?page_id=71"},"modified":"2022-05-10T11:54:35","modified_gmt":"2022-05-10T09:54:35","slug":"contact","status":"publish","type":"page","link":"https:\/\/rapalje.com\/de\/contact\/","title":{"rendered":"Contact &#038; Bookings"},"content":{"rendered":"Rapalje buchen: booking@rapalje.com<\/p>\n<p>Theatre Bookings (Muijsenberg Theatre Music and More): info@muijsenberg.nl<\/p>\n<p>Agenda &amp; Tickets: ticket@rapalje.com<\/p>\n<p>Technik: rapaljetech@gmail.com<\/p>\n<p>Presse: press@rapalje.com<\/p>\n<p><strong>Rapalje<\/strong><br \/>\np.a. Nieuwe Ebbingestraat 133<br \/>\n9714 AM \u00a0GRONINGEN<br \/>\nNiederlande<\/p>\n<p>Email: info@rapalje.com<br \/>\nTelefon: +31 (0)50 \u2013 21 10 014 (Montag &#8211; Freitag 10:00 &#8211; 12:00 und 13:00 &#8211; 15:00)<br \/>\nHandy: +31 (0)6 &#8211; 53 709 303<\/p>\n<p>IBAN: NL08ABNA 0624 5675 08<\/p>\n<p><strong>Technik Rapalje<\/strong><br \/>\nrapaljetech@gmail.com<\/p>\n<p><strong>Merchandise Shop<\/strong><br \/>\nshop@rapalje.com<\/p>\n<p><em>Bitte beachte, dass der Versand bis zu 5-10 Werktage dauern kann, da wir h\u00e4ufig unterwegs sind und selbst alle Waren aus den Niederlanden versenden. Wenn du au\u00dferhalb den Niederlanden wohnst, kann es einige Tage l\u00e4nger dauern, bis das Paket geliefert wird. Wenn du deine Bestellung nicht innerhalb von 3 Wochen erhalten haben, kontaktierst du uns bitte \u00fcber die oben angegebene E-Mail-Adresse.<\/em><\/p>\n<p><a href=\"http:\/\/www.rapalje.com\/privacy\">Privacy<\/a>"},"excerpt":{"rendered":"<p>Rapalje buchen: booking@rapalje.com Theatre Bookings (Muijsenberg Theatre Music and More): info@muijsenberg.nl Agenda &amp; Tickets: ticket@rapalje.com Technik: rapaljetech@gmail.com Presse: press@rapalje.com Rapalje p.a. Nieuwe Ebbingestraat 133 9714 AM \u00a0GRONINGEN Niederlande Email: info@rapalje.com [&hellip;]<\/p>\n","protected":false},"author":7,"featured_media":0,"parent":0,"menu_order":0,"comment_status":"closed","ping_status":"closed","template":"","meta":{"footnotes":""},"class_list":["post-71","page","type-page","status-publish","hentry"],"_links":{"self":[{"href":"https:\/\/rapalje.com\/de\/wp-json\/wp\/v2\/pages\/71","targetHints":{"allow":["GET"]}}],"collection":[{"href":"https:\/\/rapalje.com\/de\/wp-json\/wp\/v2\/pages"}],"about":[{"href":"https:\/\/rapalje.com\/de\/wp-json\/wp\/v2\/types\/page"}],"author":[{"embeddable":true,"href":"https:\/\/rapalje.com\/de\/wp-json\/wp\/v2\/users\/7"}],"replies":[{"embeddable":true,"href":"https:\/\/rapalje.com\/de\/wp-json\/wp\/v2\/comments?post=71"}],"version-history":[{"count":0,"href":"https:\/\/rapalje.com\/de\/wp-json\/wp\/v2\/pages\/71\/revisions"}],"wp:attachment":[{"href":"https:\/\/rapalje.com\/de\/wp-json\/?parent=71"}],"curies":[{"name":"wp","href":"https:\/\/api.w.org\/{rel}","templated":true}]}}