{"id":25725,"date":"2020-04-28T12:21:52","date_gmt":"2020-04-28T10:21:52","guid":{"rendered":"https:\/\/rapalje.com\/?page_id=25725"},"modified":"2021-11-08T15:50:11","modified_gmt":"2021-11-08T14:50:11","slug":"donation","status":"publish","type":"page","link":"https:\/\/rapalje.com\/nl\/donation\/","title":{"rendered":"Samen kunnen we helpen!"},"content":{"rendered":"<iframe loading=\"lazy\" src=\"https:\/\/player.vimeo.com\/video\/416869452\" width=\"640\" height=\"360\" frameborder=\"0\" allowfullscreen=\"allowfullscreen\"><span data-mce-type=\"bookmark\" style=\"display: inline-block; width: 0px; overflow: hidden; line-height: 0;\" class=\"mce_SELRES_start\">\ufeff<\/span><\/iframe><\/p>\n<p>Wir wollen den Kultursektor finanziell unterst\u00fctzen! Es gibt wundersch\u00f6ne Festivals, Veranstaltungen, Theater und B\u00fchnen, die alle von Musik leben.<\/p>\n<p>Wir als Band &#8220;Rapalje&#8221; sprechen mit vielen Veranstaltern und h\u00f6ren die ersch\u00fctternden Geschichten dar\u00fcber, wie es weitergehen soll, nachdem ihre Veranstaltung abgesagt wurde und es dieses Jahr keine Alternative geben wird.<\/p>\n<p>Organisationen mit Mitarbeitern, die das ganze Jahr \u00fcber hart f\u00fcr eine oder sogar mehrere sch\u00f6ne Veranstaltungen arbeiten, von denen sie ihr gesamtes Einkommen bestreiten m\u00fcssen. All dieses Einkommen ist jetzt verbraucht, so dass einige ihre Mitarbeiter jetzt oder sp\u00e4ter in den Wintermonaten entlassen m\u00fcssen. Manchmal ist eine Insolvenz sogar unvermeidlich.<\/p>\n<p>Wir kommen als Rapalje mit mehr als 100 Vorstellungen pro Jahr auf viele sch\u00f6ne Festivals und B\u00fchnen. Wir kennen die Menschen dahinter pers\u00f6nlich und haben gro\u00dfen Respekt vor ihnen.<\/p>\n<p>Wir spenden dieses Geld direkt an die Menschen in diesem Sektor, die es wegen Covid-19 nicht schaffen werden.<\/p>\n<p>Als Band sind wir auf unser Publikum und die Veranstalter angewiesen, die uns programmieren wollen: Wir k\u00f6nnen auf beide nicht verzichten und wollen mit diesen Spenden Festivals, Theater, B\u00fchnen, Veranstalter, usw. unterst\u00fctzen.<\/p>\n<p><a href=\"https:\/\/www.gofundme.com\/f\/ondersteuning-cultuursector-door-schade-covid19\"><img loading=\"lazy\" decoding=\"async\" class=\"size-full wp-image-25813 aligncenter\" src=\"https:\/\/rapalje.com\/wp-content\/uploads\/2020\/05\/gofundme-donate-button.png\" alt=\"\" width=\"300\" height=\"241\" \/><\/a><\/p>\n<h2><\/h2>\n<p>&nbsp;<\/p>\n<p><img loading=\"lazy\" decoding=\"async\" class=\"alignnone size-large wp-image-25810\" src=\"https:\/\/rapalje.com\/wp-content\/uploads\/2020\/05\/zomerfolk@Stadspark-09-06-2018-Copyright-Reinier-van-Dijken-4-1024x683.jpg\" alt=\"\" width=\"640\" height=\"427\" srcset=\"https:\/\/rapalje.com\/wp-content\/uploads\/2020\/05\/zomerfolk@Stadspark-09-06-2018-Copyright-Reinier-van-Dijken-4-1024x683.jpg 1024w, https:\/\/rapalje.com\/wp-content\/uploads\/2020\/05\/zomerfolk@Stadspark-09-06-2018-Copyright-Reinier-van-Dijken-4-300x200.jpg 300w, https:\/\/rapalje.com\/wp-content\/uploads\/2020\/05\/zomerfolk@Stadspark-09-06-2018-Copyright-Reinier-van-Dijken-4-768x512.jpg 768w, https:\/\/rapalje.com\/wp-content\/uploads\/2020\/05\/zomerfolk@Stadspark-09-06-2018-Copyright-Reinier-van-Dijken-4-150x100.jpg 150w, https:\/\/rapalje.com\/wp-content\/uploads\/2020\/05\/zomerfolk@Stadspark-09-06-2018-Copyright-Reinier-van-Dijken-4-200x133.jpg 200w, https:\/\/rapalje.com\/wp-content\/uploads\/2020\/05\/zomerfolk@Stadspark-09-06-2018-Copyright-Reinier-van-Dijken-4-250x166.jpg 250w, https:\/\/rapalje.com\/wp-content\/uploads\/2020\/05\/zomerfolk@Stadspark-09-06-2018-Copyright-Reinier-van-Dijken-4-1536x1024.jpg 1536w, https:\/\/rapalje.com\/wp-content\/uploads\/2020\/05\/zomerfolk@Stadspark-09-06-2018-Copyright-Reinier-van-Dijken-4-2048x1366.jpg 2048w, https:\/\/rapalje.com\/wp-content\/uploads\/2020\/05\/zomerfolk@Stadspark-09-06-2018-Copyright-Reinier-van-Dijken-4-600x400.jpg 600w\" sizes=\"auto, (max-width: 640px) 100vw, 640px\" \/><\/p>\n<p>&nbsp;"},"excerpt":{"rendered":"<p>\ufeff Wir wollen den Kultursektor finanziell unterst\u00fctzen! Es gibt wundersch\u00f6ne Festivals, Veranstaltungen, Theater und B\u00fchnen, die alle von Musik leben. Wir als Band &#8220;Rapalje&#8221; sprechen mit vielen Veranstaltern und h\u00f6ren [&hellip;]<\/p>\n","protected":false},"author":5,"featured_media":0,"parent":0,"menu_order":0,"comment_status":"closed","ping_status":"closed","template":"","meta":{"footnotes":""},"class_list":["post-25725","page","type-page","status-publish","hentry"],"_links":{"self":[{"href":"https:\/\/rapalje.com\/nl\/wp-json\/wp\/v2\/pages\/25725","targetHints":{"allow":["GET"]}}],"collection":[{"href":"https:\/\/rapalje.com\/nl\/wp-json\/wp\/v2\/pages"}],"about":[{"href":"https:\/\/rapalje.com\/nl\/wp-json\/wp\/v2\/types\/page"}],"author":[{"embeddable":true,"href":"https:\/\/rapalje.com\/nl\/wp-json\/wp\/v2\/users\/5"}],"replies":[{"embeddable":true,"href":"https:\/\/rapalje.com\/nl\/wp-json\/wp\/v2\/comments?post=25725"}],"version-history":[{"count":0,"href":"https:\/\/rapalje.com\/nl\/wp-json\/wp\/v2\/pages\/25725\/revisions"}],"wp:attachment":[{"href":"https:\/\/rapalje.com\/nl\/wp-json\/?parent=25725"}],"curies":[{"name":"wp","href":"https:\/\/api.w.org\/{rel}","templated":true}]}}